{"id":911,"date":"2025-04-12T15:27:21","date_gmt":"2025-04-12T13:27:21","guid":{"rendered":"https:\/\/dokumenty.serbskisejm.de\/de\/?page_id=911"},"modified":"2025-04-12T15:28:17","modified_gmt":"2025-04-12T13:28:17","slug":"konference","status":"publish","type":"page","link":"https:\/\/dokumenty.serbskisejm.de\/de\/konference\/","title":{"rendered":"Videokonferenzr\u00e4ume"},"content":{"rendered":"<p>Der Sejm nutzt zur internen Organisation Videokonferenzen \u00fcber BigBlueButton. Die R\u00e4ume sind \u00fcber folgende Links zu erreichen. G\u00e4ste landen im Warteraum bis die Moderation diese freischaltet.<\/p>\n<ul>\n<li><a href=\"https:\/\/mrok.serbski-sejm.de\/apps\/bbb\/b\/27667gjzj8kD3MF4\">Sitzung<\/a><\/li>\n<li><a href=\"https:\/\/mrok.serbski-sejm.de\/apps\/bbb\/b\/XD4tRzGTB7CEbDjq\">Pr\u00e4sidium<\/a><\/li>\n<\/ul>\n","protected":false},"excerpt":{"rendered":"<p>Der Sejm nutzt zur internen Organisation Videokonferenzen \u00fcber BigBlueButton. Die R\u00e4ume sind \u00fcber folgende Links zu erreichen. G\u00e4ste landen im Warteraum bis die Moderation diese freischaltet. Sitzung Pr\u00e4sidium<\/p>\n","protected":false},"author":1,"featured_media":0,"parent":0,"menu_order":0,"comment_status":"closed","ping_status":"closed","template":"","meta":{"footnotes":""},"class_list":["post-911","page","type-page","status-publish","hentry"],"_links":{"self":[{"href":"https:\/\/dokumenty.serbskisejm.de\/de\/wp-json\/wp\/v2\/pages\/911","targetHints":{"allow":["GET"]}}],"collection":[{"href":"https:\/\/dokumenty.serbskisejm.de\/de\/wp-json\/wp\/v2\/pages"}],"about":[{"href":"https:\/\/dokumenty.serbskisejm.de\/de\/wp-json\/wp\/v2\/types\/page"}],"author":[{"embeddable":true,"href":"https:\/\/dokumenty.serbskisejm.de\/de\/wp-json\/wp\/v2\/users\/1"}],"replies":[{"embeddable":true,"href":"https:\/\/dokumenty.serbskisejm.de\/de\/wp-json\/wp\/v2\/comments?post=911"}],"version-history":[{"count":2,"href":"https:\/\/dokumenty.serbskisejm.de\/de\/wp-json\/wp\/v2\/pages\/911\/revisions"}],"predecessor-version":[{"id":913,"href":"https:\/\/dokumenty.serbskisejm.de\/de\/wp-json\/wp\/v2\/pages\/911\/revisions\/913"}],"wp:attachment":[{"href":"https:\/\/dokumenty.serbskisejm.de\/de\/wp-json\/wp\/v2\/media?parent=911"}],"curies":[{"name":"wp","href":"https:\/\/api.w.org\/{rel}","templated":true}]}}